{"id":10014,"date":"2025-05-12T09:58:08","date_gmt":"2025-05-12T09:58:08","guid":{"rendered":"https:\/\/livret.becquerel.fr\/?page_id=10014"},"modified":"2025-05-12T09:58:14","modified_gmt":"2025-05-12T09:58:14","slug":"mentions-legales","status":"publish","type":"page","link":"https:\/\/livret.becquerel.fr\/?page_id=10014","title":{"rendered":"Mentions l\u00e9gales"},"content":{"rendered":"\n<h3 class=\"wp-block-heading\">\u00c9diteur du site<\/h3>\n\n\n\n<p><strong>Centre de Lutte contre le Cancer Henri Becquerel<\/strong><br>Centre Hospitalier R\u00e9gional<br>Adresse : 1 Rue d\u2019Amiens, 76038 Rouen Cedex<br>T\u00e9l. : 02 32 08 22 00<br>Site principal : <a class=\"\" href=\"https:\/\/www.becquerel.fr\">https:\/\/www.becquerel.fr<\/a><br>Directeur de la publication : Professeur Pierre VERA \u2013 Directeur G\u00e9n\u00e9ral<br>Responsable \u00e9ditorial : Marie PARAIN<\/p>\n\n\n\n<h3 class=\"wp-block-heading\">H\u00e9bergement<\/h3>\n\n\n\n<p>Le site <a href=\"https:\/\/livret.becquerel.fr\">https:\/\/livret.becquerel.fr<\/a> est h\u00e9berg\u00e9 par :<br><strong>IMAGOSPIRIT<\/strong><br>26 rue de Darn\u00e9tal 76240 Bonsecours<br>Tel. 02 32 86 03 88<br><a href=\"http:\/\/www.imagospirit.com\/\" target=\"_blank\" rel=\"noreferrer noopener\">www.imagospirit.com<\/a><\/p>\n\n\n\n<h3 class=\"wp-block-heading\">D\u00e9veloppement<\/h3>\n\n\n\n<p>Ce site a \u00e9t\u00e9 con\u00e7u et d\u00e9velopp\u00e9 par :<br><strong>Anthony Martinez &#8211; service communication<\/strong><br>Centre Henri Becquerel<\/p>\n\n\n\n<h3 class=\"wp-block-heading\">Conditions d\u2019utilisation<\/h3>\n\n\n\n<p>L\u2019utilisation du site <a href=\"https:\/\/livret.becquerel.fr\">https:\/\/livret.becquerel.fr<\/a> implique l\u2019acceptation pleine et enti\u00e8re des conditions g\u00e9n\u00e9rales d\u2019utilisation d\u00e9crites ci-apr\u00e8s. Ces conditions sont susceptibles d\u2019\u00eatre modifi\u00e9es ou compl\u00e9t\u00e9es \u00e0 tout moment.<\/p>\n\n\n\n<h3 class=\"wp-block-heading\">Propri\u00e9t\u00e9 intellectuelle<\/h3>\n\n\n\n<p>Les contenus pr\u00e9sents sur ce site (textes, images, vid\u00e9os, documents, etc.) sont la propri\u00e9t\u00e9 exclusive du Centre Henri Becquerel ou de tiers ayant autoris\u00e9 leur utilisation. Toute reproduction, repr\u00e9sentation, modification, publication ou adaptation, totale ou partielle, sans autorisation pr\u00e9alable est interdite.<\/p>\n\n\n\n<h3 class=\"wp-block-heading\">Protection des donn\u00e9es personnelles<\/h3>\n\n\n\n<p>Conform\u00e9ment au R\u00e8glement G\u00e9n\u00e9ral sur la Protection des Donn\u00e9es (RGPD) et \u00e0 la loi Informatique et Libert\u00e9s, les utilisateurs disposent d\u2019un droit d\u2019acc\u00e8s, de rectification, d\u2019opposition, de suppression et de portabilit\u00e9 des donn\u00e9es les concernant.<\/p>\n\n\n\n<p>Pour toute demande relative aux donn\u00e9es personnelles :<br><strong>D\u00e9l\u00e9gu\u00e9 \u00e0 la protection des donn\u00e9es (DPO)<\/strong><br>Email : <a href=\"mailto:dpo@chb.unicancer.fr\">dpo@chb.unicancer.fr<\/a><br>Adresse : Centre Henri Becquerel \u2013 1 Rue d\u2019Amiens, 76038 Rouen Cedex<\/p>\n\n\n\n<p>Aucune donn\u00e9e personnelle n\u2019est collect\u00e9e \u00e0 l\u2019insu de l\u2019utilisateur. Des cookies peuvent \u00eatre utilis\u00e9s \u00e0 des fins strictement techniques.<\/p>\n\n\n\n<h3 class=\"wp-block-heading\">Responsabilit\u00e9<\/h3>\n\n\n\n<p>Le Centre Henri Becquerel s\u2019efforce de fournir sur le site <a href=\"https:\/\/livret.becquerel.fr\">https:\/\/livret.becquerel.fr<\/a> des informations aussi pr\u00e9cises que possible. Toutefois, il ne pourra \u00eatre tenu responsable des omissions, des inexactitudes ou des carences dans la mise \u00e0 jour.<\/p>\n\n\n\n<h3 class=\"wp-block-heading\">Liens hypertextes<\/h3>\n\n\n\n<p>Des liens vers d&rsquo;autres sites peuvent \u00eatre propos\u00e9s. Le Centre Henri Becquerel ne saurait \u00eatre tenu responsable du contenu de ces sites tiers.<\/p>\n\n\n\n<h3 class=\"wp-block-heading\">Droit applicable<\/h3>\n\n\n\n<p>Le site est soumis au droit fran\u00e7ais. En cas de litige, les tribunaux fran\u00e7ais seront seuls comp\u00e9tents.<\/p>\n","protected":false},"excerpt":{"rendered":"<p>\u00c9diteur du site Centre de Lutte contre le Cancer Henri BecquerelCentre Hospitalier R\u00e9gionalAdresse : 1 Rue d\u2019Amiens, 76038 Rouen CedexT\u00e9l. : 02 32 08 22 00Site principal : https:\/\/www.becquerel.frDirecteur de la publication : Professeur Pierre VERA \u2013 Directeur G\u00e9n\u00e9ralResponsable \u00e9ditorial : Marie PARAIN H\u00e9bergement Le site https:\/\/livret.becquerel.fr est h\u00e9berg\u00e9 par :IMAGOSPIRIT26 rue de Darn\u00e9tal 76240 [&hellip;]<\/p>\n","protected":false},"author":1,"featured_media":0,"parent":0,"menu_order":0,"comment_status":"closed","ping_status":"closed","template":"","meta":{"_acf_changed":false,"_seopress_robots_primary_cat":"","_seopress_titles_title":"","_seopress_titles_desc":"","_seopress_robots_index":"","footnotes":""},"class_list":["post-10014","page","type-page","status-publish","hentry","no-post-thumbnail"],"acf":[],"_links":{"self":[{"href":"https:\/\/livret.becquerel.fr\/index.php?rest_route=\/wp\/v2\/pages\/10014","targetHints":{"allow":["GET"]}}],"collection":[{"href":"https:\/\/livret.becquerel.fr\/index.php?rest_route=\/wp\/v2\/pages"}],"about":[{"href":"https:\/\/livret.becquerel.fr\/index.php?rest_route=\/wp\/v2\/types\/page"}],"author":[{"embeddable":true,"href":"https:\/\/livret.becquerel.fr\/index.php?rest_route=\/wp\/v2\/users\/1"}],"replies":[{"embeddable":true,"href":"https:\/\/livret.becquerel.fr\/index.php?rest_route=%2Fwp%2Fv2%2Fcomments&post=10014"}],"version-history":[{"count":1,"href":"https:\/\/livret.becquerel.fr\/index.php?rest_route=\/wp\/v2\/pages\/10014\/revisions"}],"predecessor-version":[{"id":10017,"href":"https:\/\/livret.becquerel.fr\/index.php?rest_route=\/wp\/v2\/pages\/10014\/revisions\/10017"}],"wp:attachment":[{"href":"https:\/\/livret.becquerel.fr\/index.php?rest_route=%2Fwp%2Fv2%2Fmedia&parent=10014"}],"curies":[{"name":"wp","href":"https:\/\/api.w.org\/{rel}","templated":true}]}}