{"id":6264,"date":"2021-04-20T10:24:02","date_gmt":"2021-04-20T10:24:02","guid":{"rendered":"https:\/\/wordpress-theme.spider-themes.net\/docy\/?page_id=6264"},"modified":"2025-09-25T16:09:14","modified_gmt":"2025-09-25T14:09:14","slug":"home-light","status":"publish","type":"page","link":"https:\/\/livret.becquerel.fr\/","title":{"rendered":"Accueil"},"content":{"rendered":"\t\t<div data-elementor-type=\"wp-page\" data-elementor-id=\"6264\" class=\"elementor elementor-6264\" data-elementor-post-type=\"page\">\n\t\t\t\t\t\t<section class=\"elementor-section elementor-top-section elementor-element elementor-element-c8de8c8 elementor-section-full_width elementor-section-height-default elementor-section-height-default\" data-id=\"c8de8c8\" data-element_type=\"section\" data-e-type=\"section\">\n\t\t\t\t\t\t<div class=\"elementor-container elementor-column-gap-no\">\n\t\t\t\t\t<div class=\"elementor-column elementor-col-100 elementor-top-column elementor-element elementor-element-08a0269\" data-id=\"08a0269\" data-element_type=\"column\" data-e-type=\"column\">\n\t\t\t<div class=\"elementor-widget-wrap elementor-element-populated\">\n\t\t\t\t\t\t<div class=\"elementor-element elementor-element-cff876b elementor-widget elementor-widget-docy_hero\" data-id=\"cff876b\" data-element_type=\"widget\" data-e-type=\"widget\" data-widget_type=\"docy_hero.default\">\n\t\t\t\t<div class=\"elementor-widget-container\">\n\t\t\t\t\t<section class=\"doc_banner_area search-banner-light docy_search_hero hero3\">\r\n    <div class=\"container\">\r\n        <div class=\"doc_banner_content\">\r\n            <h2 class=\"title wow fadeInUp\" data-wow-delay=\"0.2s\"> Livret du patient et de ses proches <\/h2>                <p class=\"subtitle wow fadeInUp\" data-wow-delay=\"0.2s\">\r\n                    Centre Henri Becquerel                <\/p>\r\n                            <form action=\"https:\/\/livret.becquerel.fr\/\" class=\"header_search_form focused-form\" role=\"search\" method=\"get\">\r\n                <div class=\"header_search_form_info\">\r\n                    <div class=\"form-group\">\r\n                        <div class=\"input-wrapper\">\r\n                            <label for=\"searchInput\">\r\n                                <i class=\"icon_search\"><\/i>\r\n                            <\/label>\r\n                            <input type='search' id=\"searchInput\" autocomplete=\"off\" name=\"s\"  placeholder=\"Rechercher sur le livret d&#039;accueil\">\r\n                            <!-- WPML Language Code -->\r\n                                                        <!-- Ajax Search Loading Spinner -->\r\n                            <span class=\"spinner\">\r\n    <img decoding=\"async\" src=\"https:\/\/livret.becquerel.fr\/wp-content\/themes\/docy\/assets\/img\/icons\/loading.svg\" alt=\"loading\">\r\n<\/span>                        <\/div>\r\n                    <\/div>\r\n                <\/div>\r\n                <div id=\"docy-search-result\" data-noresult=\"No Results Found\"> <\/div>                            <\/form>\r\n        <\/div>\r\n    <\/div>\r\n<\/section>\r\n\r\n\t\t\t\t<\/div>\n\t\t\t\t<\/div>\n\t\t\t\t\t<\/div>\n\t\t<\/div>\n\t\t\t\t\t<\/div>\n\t\t<\/section>\n\t\t\t\t<section class=\"elementor-section elementor-top-section elementor-element elementor-element-26c7c6c elementor-section-boxed elementor-section-height-default elementor-section-height-default\" data-id=\"26c7c6c\" data-element_type=\"section\" data-e-type=\"section\" data-settings=\"{&quot;background_background&quot;:&quot;classic&quot;}\">\n\t\t\t\t\t\t<div class=\"elementor-container elementor-column-gap-default\">\n\t\t\t\t\t<div class=\"elementor-column elementor-col-100 elementor-top-column elementor-element elementor-element-0076773\" data-id=\"0076773\" data-element_type=\"column\" data-e-type=\"column\">\n\t\t\t<div class=\"elementor-widget-wrap elementor-element-populated\">\n\t\t\t\t\t\t<section class=\"elementor-section elementor-inner-section elementor-element elementor-element-b7ef223 elementor-section-boxed elementor-section-height-default elementor-section-height-default\" data-id=\"b7ef223\" data-element_type=\"section\" data-e-type=\"section\">\n\t\t\t\t\t\t<div class=\"elementor-container elementor-column-gap-default\">\n\t\t\t\t\t<div class=\"elementor-column elementor-col-33 elementor-inner-column elementor-element elementor-element-351f6e8\" data-id=\"351f6e8\" data-element_type=\"column\" data-e-type=\"column\">\n\t\t\t<div class=\"elementor-widget-wrap\">\n\t\t\t\t\t\t\t<\/div>\n\t\t<\/div>\n\t\t\t\t<div class=\"elementor-column elementor-col-33 elementor-inner-column elementor-element elementor-element-15b3ee6\" data-id=\"15b3ee6\" data-element_type=\"column\" data-e-type=\"column\">\n\t\t\t<div class=\"elementor-widget-wrap elementor-element-populated\">\n\t\t\t\t\t\t<div class=\"elementor-element elementor-element-df04cf0 elementor-widget elementor-widget-vapfem_video_player\" data-id=\"df04cf0\" data-element_type=\"widget\" data-e-type=\"widget\" data-widget_type=\"vapfem_video_player.default\">\n\t\t\t\t<div class=\"elementor-widget-container\">\n\t\t\t\t\t        <video\n              poster=\"https:\/\/livret.becquerel.fr\/wp-content\/uploads\/2024\/01\/henri.jpg\"              class=\"lpl-player lpl-player--video\"\n                                                        data-settings='{\"autoplay\":false,\"storage_enabled\":true,\"seek_time\":10,\"volume\":1,\"muted\":false,\"clickToPlay\":true,\"keyboard_focused\":true,\"keyboard_global\":false,\"tooltips_controls\":false,\"hideControls\":true,\"resetOnEnd\":false,\"tooltips_seek\":true,\"invertTime\":true,\"fullscreen_enabled\":true,\"speed_selected\":\"1\",\"quality_default\":\"576\",\"controls\":[\"play-large\",\"play\",\"progress\",\"current-time\",\"mute\",\"volume\",\"captions\",\"settings\",\"pip\",\"airplay\",\"fullscreen\"],\"ratio\":\"\",\"debug_mode\":false}'\n          >\n                                <source\n                      src=\"https:\/\/livret.becquerel.fr\/wp-content\/uploads\/2024\/01\/intro.mp4\"\n                      type=\"video\/mp4\"\n                      size=\"576\"\n                  \/>\n                                              <a href=\"https:\/\/livret.becquerel.fr\/wp-content\/uploads\/2024\/01\/intro.mp4\">\n                Download              <\/a>\n                        <\/video>\n        \t\t\t\t<\/div>\n\t\t\t\t<\/div>\n\t\t\t\t\t<\/div>\n\t\t<\/div>\n\t\t\t\t<div class=\"elementor-column elementor-col-33 elementor-inner-column elementor-element elementor-element-dd0eb12\" data-id=\"dd0eb12\" data-element_type=\"column\" data-e-type=\"column\">\n\t\t\t<div class=\"elementor-widget-wrap\">\n\t\t\t\t\t\t\t<\/div>\n\t\t<\/div>\n\t\t\t\t\t<\/div>\n\t\t<\/section>\n\t\t\t\t<div class=\"elementor-element elementor-element-4c1f5ed elementor-widget elementor-widget-docy_single_doc\" data-id=\"4c1f5ed\" data-element_type=\"widget\" data-e-type=\"widget\" data-widget_type=\"docy_single_doc.default\">\n\t\t\t\t<div class=\"elementor-widget-container\">\n\t\t\t\t\t\n<div class=\"ezd-grid ezd-column-3 h_content_items\">\n            <a href=\"https:\/\/livret.becquerel.fr\/?docs=livret-daccueil\/informations-pratiques-9076\">\n            <div class=\"h_item\">\n                <img decoding=\"async\" width=\"80\" height=\"80\" src=\"https:\/\/livret.becquerel.fr\/wp-content\/uploads\/2023\/06\/01.png\" class=\"attachment-full size-full wp-post-image\" alt=\"\" srcset=\"https:\/\/livret.becquerel.fr\/wp-content\/uploads\/2023\/06\/01.png 80w, https:\/\/livret.becquerel.fr\/wp-content\/uploads\/2023\/06\/01-16x16.png 16w, https:\/\/livret.becquerel.fr\/wp-content\/uploads\/2023\/06\/01-50x50.png 50w, https:\/\/livret.becquerel.fr\/wp-content\/uploads\/2023\/06\/01-20x20.png 20w, https:\/\/livret.becquerel.fr\/wp-content\/uploads\/2023\/06\/01-70x70.png 70w, https:\/\/livret.becquerel.fr\/wp-content\/uploads\/2023\/06\/01-40x40.png 40w, https:\/\/livret.becquerel.fr\/wp-content\/uploads\/2023\/06\/01-60x60.png 60w, https:\/\/livret.becquerel.fr\/wp-content\/uploads\/2023\/06\/01-18x18.png 18w\" sizes=\"(max-width: 80px) 100vw, 80px\" \/>                <h4 class=\"ct-heading-text\">Informations pratiques<\/h4>\n                <div class=\"ct-content-text\">\n                                    <\/div>\n            <\/div>\n        <\/a>\n                <a href=\"https:\/\/livret.becquerel.fr\/?docs=livret-daccueil\/votre-parcours-de-soins-9078\">\n            <div class=\"h_item\">\n                <img decoding=\"async\" width=\"80\" height=\"80\" src=\"https:\/\/livret.becquerel.fr\/wp-content\/uploads\/2023\/06\/02.png\" class=\"attachment-full size-full wp-post-image\" alt=\"\" srcset=\"https:\/\/livret.becquerel.fr\/wp-content\/uploads\/2023\/06\/02.png 80w, https:\/\/livret.becquerel.fr\/wp-content\/uploads\/2023\/06\/02-16x16.png 16w, https:\/\/livret.becquerel.fr\/wp-content\/uploads\/2023\/06\/02-50x50.png 50w, https:\/\/livret.becquerel.fr\/wp-content\/uploads\/2023\/06\/02-20x20.png 20w, https:\/\/livret.becquerel.fr\/wp-content\/uploads\/2023\/06\/02-70x70.png 70w, https:\/\/livret.becquerel.fr\/wp-content\/uploads\/2023\/06\/02-40x40.png 40w, https:\/\/livret.becquerel.fr\/wp-content\/uploads\/2023\/06\/02-60x60.png 60w, https:\/\/livret.becquerel.fr\/wp-content\/uploads\/2023\/06\/02-18x18.png 18w\" sizes=\"(max-width: 80px) 100vw, 80px\" \/>                <h4 class=\"ct-heading-text\">Votre parcours de soins<\/h4>\n                <div class=\"ct-content-text\">\n                                    <\/div>\n            <\/div>\n        <\/a>\n                <a href=\"https:\/\/livret.becquerel.fr\/?docs=livret-daccueil\/votre-sejour-en-hospitalisation-9080\">\n            <div class=\"h_item\">\n                <img decoding=\"async\" width=\"80\" height=\"80\" src=\"https:\/\/livret.becquerel.fr\/wp-content\/uploads\/2023\/06\/03.png\" class=\"attachment-full size-full wp-post-image\" alt=\"\" srcset=\"https:\/\/livret.becquerel.fr\/wp-content\/uploads\/2023\/06\/03.png 80w, https:\/\/livret.becquerel.fr\/wp-content\/uploads\/2023\/06\/03-16x16.png 16w, https:\/\/livret.becquerel.fr\/wp-content\/uploads\/2023\/06\/03-50x50.png 50w, https:\/\/livret.becquerel.fr\/wp-content\/uploads\/2023\/06\/03-20x20.png 20w, https:\/\/livret.becquerel.fr\/wp-content\/uploads\/2023\/06\/03-70x70.png 70w, https:\/\/livret.becquerel.fr\/wp-content\/uploads\/2023\/06\/03-40x40.png 40w, https:\/\/livret.becquerel.fr\/wp-content\/uploads\/2023\/06\/03-60x60.png 60w, https:\/\/livret.becquerel.fr\/wp-content\/uploads\/2023\/06\/03-18x18.png 18w\" sizes=\"(max-width: 80px) 100vw, 80px\" \/>                <h4 class=\"ct-heading-text\">Votre s\u00e9jour en hospitalisation<\/h4>\n                <div class=\"ct-content-text\">\n                                    <\/div>\n            <\/div>\n        <\/a>\n                <a href=\"https:\/\/livret.becquerel.fr\/?docs=livret-daccueil\/votre-famille-ezd_ampersand-vos-proches-9082\">\n            <div class=\"h_item\">\n                <img loading=\"lazy\" decoding=\"async\" width=\"80\" height=\"80\" src=\"https:\/\/livret.becquerel.fr\/wp-content\/uploads\/2023\/06\/04.png\" class=\"attachment-full size-full wp-post-image\" alt=\"\" srcset=\"https:\/\/livret.becquerel.fr\/wp-content\/uploads\/2023\/06\/04.png 80w, https:\/\/livret.becquerel.fr\/wp-content\/uploads\/2023\/06\/04-16x16.png 16w, https:\/\/livret.becquerel.fr\/wp-content\/uploads\/2023\/06\/04-50x50.png 50w, https:\/\/livret.becquerel.fr\/wp-content\/uploads\/2023\/06\/04-20x20.png 20w, https:\/\/livret.becquerel.fr\/wp-content\/uploads\/2023\/06\/04-70x70.png 70w, https:\/\/livret.becquerel.fr\/wp-content\/uploads\/2023\/06\/04-40x40.png 40w, https:\/\/livret.becquerel.fr\/wp-content\/uploads\/2023\/06\/04-60x60.png 60w, https:\/\/livret.becquerel.fr\/wp-content\/uploads\/2023\/06\/04-18x18.png 18w\" sizes=\"(max-width: 80px) 100vw, 80px\" \/>                <h4 class=\"ct-heading-text\">Votre famille &amp; vos proches<\/h4>\n                <div class=\"ct-content-text\">\n                                    <\/div>\n            <\/div>\n        <\/a>\n                <a href=\"https:\/\/livret.becquerel.fr\/?docs=livret-daccueil\/qualite-ezd_ampersand-securite-des-soins-9084\">\n            <div class=\"h_item\">\n                <img loading=\"lazy\" decoding=\"async\" width=\"80\" height=\"80\" src=\"https:\/\/livret.becquerel.fr\/wp-content\/uploads\/2023\/06\/05.png\" class=\"attachment-full size-full wp-post-image\" alt=\"\" srcset=\"https:\/\/livret.becquerel.fr\/wp-content\/uploads\/2023\/06\/05.png 80w, https:\/\/livret.becquerel.fr\/wp-content\/uploads\/2023\/06\/05-16x16.png 16w, https:\/\/livret.becquerel.fr\/wp-content\/uploads\/2023\/06\/05-50x50.png 50w, https:\/\/livret.becquerel.fr\/wp-content\/uploads\/2023\/06\/05-20x20.png 20w, https:\/\/livret.becquerel.fr\/wp-content\/uploads\/2023\/06\/05-70x70.png 70w, https:\/\/livret.becquerel.fr\/wp-content\/uploads\/2023\/06\/05-40x40.png 40w, https:\/\/livret.becquerel.fr\/wp-content\/uploads\/2023\/06\/05-60x60.png 60w, https:\/\/livret.becquerel.fr\/wp-content\/uploads\/2023\/06\/05-18x18.png 18w\" sizes=\"(max-width: 80px) 100vw, 80px\" \/>                <h4 class=\"ct-heading-text\">Qualit\u00e9 &amp; s\u00e9curit\u00e9 des soins<\/h4>\n                <div class=\"ct-content-text\">\n                                    <\/div>\n            <\/div>\n        <\/a>\n                <a href=\"https:\/\/livret.becquerel.fr\/?docs=livret-daccueil\/vos-droits-ezd_ampersand-engagements-9086\">\n            <div class=\"h_item\">\n                <img loading=\"lazy\" decoding=\"async\" width=\"80\" height=\"80\" src=\"https:\/\/livret.becquerel.fr\/wp-content\/uploads\/2023\/06\/06.png\" class=\"attachment-full size-full wp-post-image\" alt=\"\" srcset=\"https:\/\/livret.becquerel.fr\/wp-content\/uploads\/2023\/06\/06.png 80w, https:\/\/livret.becquerel.fr\/wp-content\/uploads\/2023\/06\/06-16x16.png 16w, https:\/\/livret.becquerel.fr\/wp-content\/uploads\/2023\/06\/06-50x50.png 50w, https:\/\/livret.becquerel.fr\/wp-content\/uploads\/2023\/06\/06-20x20.png 20w, https:\/\/livret.becquerel.fr\/wp-content\/uploads\/2023\/06\/06-70x70.png 70w, https:\/\/livret.becquerel.fr\/wp-content\/uploads\/2023\/06\/06-40x40.png 40w, https:\/\/livret.becquerel.fr\/wp-content\/uploads\/2023\/06\/06-60x60.png 60w, https:\/\/livret.becquerel.fr\/wp-content\/uploads\/2023\/06\/06-18x18.png 18w\" sizes=\"(max-width: 80px) 100vw, 80px\" \/>                <h4 class=\"ct-heading-text\">Vos droits &amp; engagements<\/h4>\n                <div class=\"ct-content-text\">\n                                    <\/div>\n            <\/div>\n        <\/a>\n                <a href=\"https:\/\/livret.becquerel.fr\/?docs=livret-daccueil\/nous-soutenir-9206\">\n            <div class=\"h_item\">\n                <img loading=\"lazy\" decoding=\"async\" width=\"80\" height=\"80\" src=\"https:\/\/livret.becquerel.fr\/wp-content\/uploads\/2023\/06\/07.png\" class=\"attachment-full size-full wp-post-image\" alt=\"\" srcset=\"https:\/\/livret.becquerel.fr\/wp-content\/uploads\/2023\/06\/07.png 80w, https:\/\/livret.becquerel.fr\/wp-content\/uploads\/2023\/06\/07-16x16.png 16w, https:\/\/livret.becquerel.fr\/wp-content\/uploads\/2023\/06\/07-50x50.png 50w, https:\/\/livret.becquerel.fr\/wp-content\/uploads\/2023\/06\/07-20x20.png 20w, https:\/\/livret.becquerel.fr\/wp-content\/uploads\/2023\/06\/07-70x70.png 70w, https:\/\/livret.becquerel.fr\/wp-content\/uploads\/2023\/06\/07-40x40.png 40w, https:\/\/livret.becquerel.fr\/wp-content\/uploads\/2023\/06\/07-60x60.png 60w, https:\/\/livret.becquerel.fr\/wp-content\/uploads\/2023\/06\/07-18x18.png 18w\" sizes=\"(max-width: 80px) 100vw, 80px\" \/>                <h4 class=\"ct-heading-text\">Nous soutenir<\/h4>\n                <div class=\"ct-content-text\">\n                                    <\/div>\n            <\/div>\n        <\/a>\n                <a href=\"https:\/\/livret.becquerel.fr\/?docs=livret-daccueil\/mon-espace-sante-ezd_ampersand-dossier-medical-partage\">\n            <div class=\"h_item\">\n                <img loading=\"lazy\" decoding=\"async\" width=\"80\" height=\"80\" src=\"https:\/\/livret.becquerel.fr\/wp-content\/uploads\/2025\/08\/08.png\" class=\"attachment-full size-full wp-post-image\" alt=\"\" srcset=\"https:\/\/livret.becquerel.fr\/wp-content\/uploads\/2025\/08\/08.png 80w, https:\/\/livret.becquerel.fr\/wp-content\/uploads\/2025\/08\/08-70x70.png 70w, https:\/\/livret.becquerel.fr\/wp-content\/uploads\/2025\/08\/08-16x16.png 16w, https:\/\/livret.becquerel.fr\/wp-content\/uploads\/2025\/08\/08-40x40.png 40w, https:\/\/livret.becquerel.fr\/wp-content\/uploads\/2025\/08\/08-50x50.png 50w, https:\/\/livret.becquerel.fr\/wp-content\/uploads\/2025\/08\/08-60x60.png 60w, https:\/\/livret.becquerel.fr\/wp-content\/uploads\/2025\/08\/08-18x18.png 18w, https:\/\/livret.becquerel.fr\/wp-content\/uploads\/2025\/08\/08-20x20.png 20w\" sizes=\"(max-width: 80px) 100vw, 80px\" \/>                <h4 class=\"ct-heading-text\">Mon Espace Sant\u00e9 &amp; Dossier M\u00e9dical Partag\u00e9 (DMP)<\/h4>\n                <div class=\"ct-content-text\">\n                                    <\/div>\n            <\/div>\n        <\/a>\n                <a href=\"https:\/\/livret.becquerel.fr\/?docs=livret-daccueil\/contact-9210\">\n            <div class=\"h_item\">\n                <img loading=\"lazy\" decoding=\"async\" width=\"100\" height=\"100\" src=\"https:\/\/livret.becquerel.fr\/wp-content\/uploads\/2023\/06\/contact.png\" class=\"attachment-full size-full wp-post-image\" alt=\"\" srcset=\"https:\/\/livret.becquerel.fr\/wp-content\/uploads\/2023\/06\/contact.png 100w, https:\/\/livret.becquerel.fr\/wp-content\/uploads\/2023\/06\/contact-16x16.png 16w, https:\/\/livret.becquerel.fr\/wp-content\/uploads\/2023\/06\/contact-50x50.png 50w, https:\/\/livret.becquerel.fr\/wp-content\/uploads\/2023\/06\/contact-20x20.png 20w, https:\/\/livret.becquerel.fr\/wp-content\/uploads\/2023\/06\/contact-70x70.png 70w, https:\/\/livret.becquerel.fr\/wp-content\/uploads\/2023\/06\/contact-40x40.png 40w, https:\/\/livret.becquerel.fr\/wp-content\/uploads\/2023\/06\/contact-60x60.png 60w, https:\/\/livret.becquerel.fr\/wp-content\/uploads\/2023\/06\/contact-18x18.png 18w\" sizes=\"(max-width: 100px) 100vw, 100px\" \/>                <h4 class=\"ct-heading-text\">Contact<\/h4>\n                <div class=\"ct-content-text\">\n                                    <\/div>\n            <\/div>\n        <\/a>\n        <\/div>\n\n<div class=\"h_content_items box-item collapse-wrap\">\n    <div class=\"ezd-grid 3\">\n            <\/div>\n<\/div>\n\n\t\t\t\t<\/div>\n\t\t\t\t<\/div>\n\t\t\t\t\t<\/div>\n\t\t<\/div>\n\t\t\t\t\t<\/div>\n\t\t<\/section>\n\t\t\t\t<\/div>\n\t\t","protected":false},"excerpt":{"rendered":"<p>Livret du patient et de ses proches Centre Henri Becquerel Download Informations pratiques Votre parcours de soins Votre s\u00e9jour en hospitalisation Votre famille &amp; vos proches Qualit\u00e9 &amp; s\u00e9curit\u00e9 des soins Vos droits &amp; engagements Nous soutenir Mon Espace Sant\u00e9 &amp; Dossier M\u00e9dical Partag\u00e9 (DMP) Contact<\/p>\n","protected":false},"author":1,"featured_media":9907,"parent":0,"menu_order":0,"comment_status":"closed","ping_status":"closed","template":"elementor_header_footer","meta":{"_acf_changed":false,"_seopress_robots_primary_cat":"","_seopress_titles_title":"","_seopress_titles_desc":"","_seopress_robots_index":"","footnotes":""},"class_list":["post-6264","page","type-page","status-publish","has-post-thumbnail","hentry"],"acf":[],"_links":{"self":[{"href":"https:\/\/livret.becquerel.fr\/index.php?rest_route=\/wp\/v2\/pages\/6264","targetHints":{"allow":["GET"]}}],"collection":[{"href":"https:\/\/livret.becquerel.fr\/index.php?rest_route=\/wp\/v2\/pages"}],"about":[{"href":"https:\/\/livret.becquerel.fr\/index.php?rest_route=\/wp\/v2\/types\/page"}],"author":[{"embeddable":true,"href":"https:\/\/livret.becquerel.fr\/index.php?rest_route=\/wp\/v2\/users\/1"}],"replies":[{"embeddable":true,"href":"https:\/\/livret.becquerel.fr\/index.php?rest_route=%2Fwp%2Fv2%2Fcomments&post=6264"}],"version-history":[{"count":134,"href":"https:\/\/livret.becquerel.fr\/index.php?rest_route=\/wp\/v2\/pages\/6264\/revisions"}],"predecessor-version":[{"id":10156,"href":"https:\/\/livret.becquerel.fr\/index.php?rest_route=\/wp\/v2\/pages\/6264\/revisions\/10156"}],"wp:featuredmedia":[{"embeddable":true,"href":"https:\/\/livret.becquerel.fr\/index.php?rest_route=\/wp\/v2\/media\/9907"}],"wp:attachment":[{"href":"https:\/\/livret.becquerel.fr\/index.php?rest_route=%2Fwp%2Fv2%2Fmedia&parent=6264"}],"curies":[{"name":"wp","href":"https:\/\/api.w.org\/{rel}","templated":true}]}}